{"id":11,"date":"2020-07-24T15:37:08","date_gmt":"2020-07-24T13:37:08","guid":{"rendered":"http:\/\/fratsg.fr\/?page_id=11"},"modified":"2025-12-01T10:33:56","modified_gmt":"2025-12-01T09:33:56","slug":"a-propos-de","status":"publish","type":"page","link":"https:\/\/fratsg.fr\/?page_id=11","title":{"rendered":"\u00c0 propos de"},"content":{"rendered":"<p class=\"text-center\">La Fraternelle des Services G\u00e9n\u00e9raux a pour objet de constituer un cercle de r\u00e9flexion et de proposition fond\u00e9 sur le respect des principes ma\u00e7onniques.<\/p>\n<p class=\"text-center\">Son but est, dans le respect des valeurs de fraternit\u00e9, solidarit\u00e9, progr\u00e8s et \u00e9thique, que cette association soit un rep\u00e8re pour les membres, de toutes ob\u00e9diences ma\u00e7onniques, qui oeuvrent au quotidien dans un environnement professionnel, qui contribue \u00e0 la comp\u00e9titivit\u00e9 de l&#8217;\u00e9conomie fran\u00e7aise, dans les activit\u00e9s suivantes:<\/p>\n<ul>\n<li>Assurances<\/li>\n<li>Immobilier<\/li>\n<li>Droit &amp; Justice<\/li>\n<li>Economie et Finance<\/li>\n<li>S\u00fbret\u00e9<\/li>\n<li>Institutions<\/li>\n<li>Transports<\/li>\n<\/ul>\n","protected":false},"excerpt":{"rendered":"<p>La Fraternelle des Services G\u00e9n\u00e9raux a pour objet de constituer un cercle de r\u00e9flexion et de proposition fond\u00e9 sur le respect des principes ma\u00e7onniques. Son but est, dans le respect des valeurs de fraternit\u00e9, solidarit\u00e9, progr\u00e8s et \u00e9thique, que cette association soit un rep\u00e8re pour les membres, de toutes ob\u00e9diences ma\u00e7onniques, qui oeuvrent au quotidien &hellip; <\/p>\n<p class=\"link-more\"><a href=\"https:\/\/fratsg.fr\/?page_id=11\" class=\"more-link\">Continue reading<span class=\"screen-reader-text\"> &#8220;\u00c0 propos de&#8221;<\/span><\/a><\/p>\n","protected":false},"author":1,"featured_media":52,"parent":0,"menu_order":0,"comment_status":"closed","ping_status":"closed","template":"","meta":[],"_links":{"self":[{"href":"https:\/\/fratsg.fr\/index.php?rest_route=\/wp\/v2\/pages\/11"}],"collection":[{"href":"https:\/\/fratsg.fr\/index.php?rest_route=\/wp\/v2\/pages"}],"about":[{"href":"https:\/\/fratsg.fr\/index.php?rest_route=\/wp\/v2\/types\/page"}],"author":[{"embeddable":true,"href":"https:\/\/fratsg.fr\/index.php?rest_route=\/wp\/v2\/users\/1"}],"replies":[{"embeddable":true,"href":"https:\/\/fratsg.fr\/index.php?rest_route=%2Fwp%2Fv2%2Fcomments&post=11"}],"version-history":[{"count":7,"href":"https:\/\/fratsg.fr\/index.php?rest_route=\/wp\/v2\/pages\/11\/revisions"}],"predecessor-version":[{"id":51,"href":"https:\/\/fratsg.fr\/index.php?rest_route=\/wp\/v2\/pages\/11\/revisions\/51"}],"wp:featuredmedia":[{"embeddable":true,"href":"https:\/\/fratsg.fr\/index.php?rest_route=\/wp\/v2\/media\/52"}],"wp:attachment":[{"href":"https:\/\/fratsg.fr\/index.php?rest_route=%2Fwp%2Fv2%2Fmedia&parent=11"}],"curies":[{"name":"wp","href":"https:\/\/api.w.org\/{rel}","templated":true}]}}